{"id":21,"date":"2019-09-11T23:21:39","date_gmt":"2019-09-11T16:21:39","guid":{"rendered":"http:\/\/highgradelab.com\/burgerz\/creative-business\/?page_id=21"},"modified":"2024-06-29T08:02:03","modified_gmt":"2024-06-29T01:02:03","slug":"ve-chung-toi","status":"publish","type":"page","link":"https:\/\/hucafood.com\/vi\/trang-chu\/ve-chung-toi\/","title":{"rendered":"V\u1ec1 ch\u00fang t\u00f4i"},"content":{"rendered":"<div class=\"wpb-content-wrapper\"><p>[vc_row content_placement=&#8221;middle&#8221; css=&#8221;.vc_custom_1491957864628{padding-top: 35px !important;}&#8221;][vc_column width=&#8221;1\/2&#8243;][vc_single_image image=&#8221;38103&#8243; img_size=&#8221;full&#8221; alignment=&#8221;center&#8221; css_animation=&#8221;fadeInUp&#8221; css=&#8221;.vc_custom_1536678149152{margin-bottom: 0px !important;border-bottom-width: 0px !important;padding-bottom: 0px !important;}&#8221;][\/vc_column][vc_column width=&#8221;1\/2&#8243;][vc_text_separator title=&#8221;V\u1ec1 Ch\u00fang T\u00f4i&#8221; i_icon_fontawesome=&#8221;fas fa-building&#8221; i_color=&#8221;juicy_pink&#8221; color=&#8221;juicy_pink&#8221; border_width=&#8221;4&#8243; css_animation=&#8221;fadeInDown&#8221; css=&#8221;&#8221; add_icon=&#8221;true&#8221;][vc_column_text css_animation=&#8221;fadeInUp&#8221; css=&#8221;.vc_custom_1694423355946{margin-top: -29px !important;}&#8221; el_id=&#8221;about_us_content&#8221;]<\/p>\n<h5>C\u00f4ng Ty TNHH S\u1ea3n Xu\u1ea5t &#8211; Th\u01b0\u01a1ng M\u1ea1i HUCAFOOD l\u00e0 doanh nghi\u1ec7p \u0111i \u0111\u1ea7u \u0111a l\u0129nh v\u1ef1c ng\u00e0nh ngh\u1ec1 v\u1ec1 c\u00e0 ph\u00ea:<\/h5>\n<ul>\n<li>Ch\u1ebf t\u1ea1o s\u1ea3n xu\u1ea5t d\u00e2y chuy\u1ec1n m\u00e1y m\u00f3c ch\u1ebf bi\u1ebfn c\u00e0 ph\u00ea.<\/li>\n<li>Ch\u1ebf bi\u1ebfn c\u00e0 ph\u00ea nh\u00e2n, nguy\u00ean li\u1ec7u ch\u1ebf bi\u1ebfn c\u00e0 ph\u00ea.<\/li>\n<li>S\u1ea3n xu\u1ea5t c\u00e0 ph\u00ea rang xay nguy\u00ean ch\u1ea5t cao c\u1ea5p, c\u00e0 ph\u00ea h\u00f2a tan, c\u00e0 ph\u00ea Ch\u1ed3n, Cacao nguy\u00ean ch\u1ea5t, tr\u00e0 s\u1eefa Matcha, ng\u0169 c\u1ed1c dinh d\u01b0\u1ee1ng&#8230;<\/li>\n<li><strong>Gia c\u00f4ng c\u00e0 ph\u00ea theo th\u01b0\u01a1ng hi\u1ec7u ri\u00eang OEM\/ODM (ISO 22000, HALAL, HACCP, FDA Certificate)<\/strong><\/li>\n<\/ul>\n<p style=\"color: #000;\">Huca Food s\u1edf h\u1eefu \u0111\u1ed9i ng\u0169 ch\u1ebf t\u1ea1o, d\u00e2y chuy\u1ec1n ch\u1ebf bi\u1ebfn chuy\u00ean nghi\u1ec7p; h\u1ec7 th\u1ed1ng nh\u00e0 m\u00e1y ch\u1ebf bi\u1ebfn c\u00e0 ph\u00ea, ch\u1ee7 \u0111\u1ed9ng ngu\u1ed3n nguy\u00ean li\u1ec7u ch\u1ea5t l\u01b0\u1ee3ng cao, c\u00f9ng v\u1edbi kinh nghi\u1ec7m chuy\u00ean s\u00e2u, c\u00e1c s\u1ea3n ph\u1ea9m c\u1ee7a Huca Food lu\u00f4n \u0111\u01b0\u1ee3c s\u1ea3n xu\u1ea5t tr\u00ean d\u00e2y chuy\u1ec1n hi\u1ec7n \u0111\u1ea1i b\u1eadc nh\u1ea5t. Qu\u00e1 tr\u00ecnh s\u1ea3n xu\u1ea5t lu\u00f4n \u0111\u01b0\u1ee3c ki\u1ec3m tra nghi\u00eam ng\u1eb7t, t\u1eeb kh\u00e2u nguy\u00ean li\u1ec7u \u0111\u1ea7u v\u00e0o \u0111\u1ebfn \u0111\u1ea7u ra s\u1ea3n ph\u1ea9m.<\/p>\n<p style=\"color: #000;\">Trong nhi\u1ec1u n\u0103m, Huca Food \u0111\u00e3 s\u1eed d\u1ee5ng nh\u1eefng kinh nghi\u1ec7m chuy\u00ean s\u00e2u v\u1ec1 c\u00e0 ph\u00ea, li\u00ean t\u1ee5c c\u1ea3i ti\u1ebfn v\u00e0 n\u00e2ng cao ch\u1ea5t l\u01b0\u1ee3ng s\u1ea3n ph\u1ea9m t\u1ea1o n\u00ean s\u1ef1 \u0111a d\u1ea1ng v\u00e0 \u0111\u1ed9c \u0111\u00e1o, \u0111\u00e1p \u1ee9ng nhi\u1ec1u nhu c\u1ea7u ng\u01b0\u1eddi ti\u00eau d\u00f9ng.<\/p>\n<p style=\"color: #000;\">Cho \u0111\u1ebfn nay s\u1ea3n ph\u1ea9m c\u1ee7a Huca Food \u0111\u00e3 c\u00f3 m\u1eb7t t\u1ea1i h\u1ea7u h\u1ebft c\u00e1c h\u1ec7 th\u1ed1ng \u0111\u1ea1i si\u00eau th\u1ecb, c\u00e1c chu\u1ed1i si\u00eau th\u1ecb mini, h\u1ec7 th\u1ed1ng si\u00eau th\u1ecb H\u00e0n Qu\u1ed1c, Nh\u1eadt B\u1ea3n. S\u1ea3n ph\u1ea9m c\u00e0 ph\u00ea Con Ch\u1ed3n V\u00e0ng \u0111\u01b0\u1ee3c xu\u1ea5t kh\u1ea9u \u0111\u1ebfn nhi\u1ec1u qu\u1ed1c gia v\u00e0 theo th\u1ed1ng k\u00ea n\u0103m 2017 c\u00f3 \u0111\u1ebfn 60% kh\u00e1ch du l\u1ecbch n\u01b0\u1edbc ngo\u00e0i t\u00ecm mua s\u1ea3n ph\u1ea9m c\u1ee7a Huca Food.<\/p>\n<h4>T\u1ea7m nh\u00ecn<\/h4>\n<ul>\n<li>Tr\u1edf th\u00e0nh th\u01b0\u01a1ng hi\u1ec7u h\u00e0ng \u0111\u1ea7u v\u1ec1 s\u1ea3n xu\u1ea5t v\u00e0 th\u01b0\u01a1ng m\u1ea1i s\u1ea3n ph\u1ea9m c\u00e0 ph\u00ea n\u00f3i ri\u00eang v\u00e0 th\u1ef1c ph\u1ea9m n\u00f3i chung t\u1ea1i khu v\u1ef1c \u0110\u00f4ng Nam \u00c1.<\/li>\n<\/ul>\n<h4>S\u1ee9 m\u1ec7nh<\/h4>\n<ul>\n<li>G\u1eafn k\u1ebft c\u1ed9ng \u0111\u1ed3ng y\u00eau th\u00edch v\u00e0 \u0111am m\u00ea c\u00e0 ph\u00ea, \u0111em \u0111\u1ebfn \u0111\u1ecbnh ngh\u0129a chu\u1ea9n m\u1ef1c v\u1ec1 th\u01b0\u1edfng th\u1ee9c c\u00e0 ph\u00ea.<\/li>\n<li>\u0110em \u0111\u1ebfn cho ng\u01b0\u1eddi ti\u00eau d\u00f9ng nh\u1eefng s\u1ea3n ph\u1ea9m ch\u1ea5t l\u01b0\u1ee3ng, th\u00e2n thi\u1ec7n v\u00e0 s\u00e1ng t\u1ea1o.<\/li>\n<\/ul>\n<h4>Gi\u00e1 tr\u1ecb c\u1ed1t l\u00f5i<\/h4>\n<ul>\n<li>Kh\u00e1t v\u1ecdng v\u01b0\u01a1n t\u1ea7m qu\u1ed1c t\u1ebf.<\/li>\n<li>B\u1ec1n v\u1eefng ph\u00e1t tri\u1ec3n.<\/li>\n<li>S\u00e1ng t\u1ea1o kh\u00f4ng ng\u1eebng.<\/li>\n<li>Th\u00e1ch th\u1ee9c c\u1ea1nh tranh.<\/li>\n<\/ul>\n<div id=\"urban-overlay\" style=\"left: -10px; top: -10px; width: 0px; height: 0px;\"><\/div>\n<p>[\/vc_column_text][\/vc_column][\/vc_row][vc_row el_id=&#8221;quatrinh&#8221;][vc_column width=&#8221;1\/2&#8243;][vc_single_image image=&#8221;38387&#8243; img_size=&#8221;full&#8221; alignment=&#8221;center&#8221;][\/vc_column][vc_column width=&#8221;1\/2&#8243;][vc_text_separator title=&#8221;QU\u00c1 TR\u00ccNH PH\u00c1T TRI\u1ec2N C\u1ee6A HUCAFOOD&#8221; i_icon_fontawesome=&#8221;fas fa-coffee&#8221; i_color=&#8221;juicy_pink&#8221; color=&#8221;juicy_pink&#8221; border_width=&#8221;4&#8243; css_animation=&#8221;fadeInDown&#8221; css=&#8221;&#8221; add_icon=&#8221;true&#8221;][vc_column_text css_animation=&#8221;fadeInDown&#8221; css=&#8221;&#8221;]<\/p>\n<ul>\n<li>1999 Kh\u00e1nh th\u00e0nh c\u01a1 s\u1edf s\u1ea3n xu\u1ea5t, ch\u1ebf t\u1ea1o d\u00e2y chuy\u1ec1n ch\u1ebf bi\u1ebfn c\u00e0 ph\u00ea.<\/li>\n<li>2002 Kh\u00e1nh th\u00e0nh c\u01a1 s\u1edf s\u1ea3n xu\u1ea5t ch\u1ebf bi\u1ebfn c\u00e0 ph\u00ea Huca Food<\/li>\n<li>2004 Ra m\u1eaft nh\u00e3n hi\u1ec7u c\u00e0 ph\u00ea Huca<\/li>\n<li>2010 C\u00f4ng ty TNHH SX &#8211; TM Huca Food th\u00e0nh l\u1eadp<\/li>\n<li>2010 Ra m\u1eaft s\u1ea3n ph\u1ea9m c\u00e0 ph\u00ea Con Ch\u1ed3n V\u00e0ng.<\/li>\n<li>2011 Ra m\u1eaft nh\u00e3n hi\u1ec7u c\u00e0 ph\u00ea Con Ch\u1ed3n N\u00e2u.<\/li>\n<li>2015 Ra m\u1eaft nh\u00e3n hi\u1ec7u C\u00e0 ph\u00ea Con Ch\u1ed3n V\u00e0ng C7<\/li>\n<li>2016 Th\u00e0nh l\u1eadp chi nh\u00e1nh H\u1ed9i An &#8211; \u0110\u00e0 N\u1eb5ng, \u0110\u00e0 L\u1ea1t, TP. H\u1ed3 Ch\u00ed Minh<\/li>\n<li>2016 Ra m\u1eaft nh\u00e3n hi\u1ec7u Cacao h\u00f2a tan &#8211; Golden Cocoa.<\/li>\n<li>2016 Ra m\u1eaft nh\u00e3n hi\u1ec7u Matcha tr\u00e0 s\u1eefa &#8211; Golden Tea<\/li>\n<li>2017 Ra m\u1eaft nh\u00e3n hi\u1ec7u Tr\u00e1i c\u00e2y s\u1ea5y SQUIRREL<\/li>\n<li>2017 Kh\u00e1nh th\u00e0nh nh\u00e0 m\u00e1y ch\u1ebf bi\u1ebfn c\u00e0 ph\u00ea t\u1ea1i \u0110\u1eafc L\u1ed9c<\/li>\n<li>2017 Xu\u1ea5t kh\u1ea9u th\u00e0nh c\u00f4ng c\u00e0 ph\u00ea v\u00e0o th\u1ecb tr\u01b0\u1eddng Trung Qu\u1ed1c.<\/li>\n<li>2017 Ra m\u1eaft nh\u00e3n hi\u1ec7u c\u00e0 ph\u00ea ch\u1ed3n &#8211; CON CH\u1ed2N<\/li>\n<li>2018 X\u00e2y d\u1ef1ng trang tr\u1ea1i c\u00e0 ph\u00ea ch\u1ed3n<\/li>\n<li>2018 X\u00e2y d\u1ef1ng trang tr\u1ea1i tr\u1ed3ng c\u00e0 ph\u00ea<\/li>\n<li>2018 Gi\u1edbi thi\u1ec7u c\u00e0 ph\u00ea h\u00f2a tan Con Ch\u1ed3n V\u00e0ng C7 \u0111\u1ebfn ng\u01b0\u1eddi ti\u00eau d\u00f9ng trong n\u01b0\u1edbc.<\/li>\n<\/ul>\n<div id=\"urban-overlay\" style=\"left: -10px; top: -10px; width: 0px; height: 0px;\"><\/div>\n<p>[\/vc_column_text][\/vc_column][\/vc_row][vc_row][vc_column][vc_text_separator title=&#8221;Ho\u1ea1t \u0110\u1ed9ng Trong V\u00e0 Ngo\u00e0i N\u01b0\u1edbc Ti\u00eau Bi\u1ec3u C\u1ee7a HUCAFOOD&#8221; i_icon_fontawesome=&#8221;fas fa-coffee&#8221; i_color=&#8221;juicy_pink&#8221; i_size=&#8221;lg&#8221; color=&#8221;juicy_pink&#8221; border_width=&#8221;4&#8243; css_animation=&#8221;fadeInDown&#8221; css=&#8221;&#8221; add_icon=&#8221;true&#8221;][\/vc_column][\/vc_row][vc_row][vc_column width=&#8221;1\/3&#8243;][vc_single_image image=&#8221;41729&#8243; img_size=&#8221;medium&#8221; alignment=&#8221;center&#8221; style=&#8221;vc_box_outline&#8221; border_color=&#8221;juicy_pink&#8221; onclick=&#8221;link_image&#8221; css_animation=&#8221;fadeInDown&#8221; css=&#8221;&#8221; title=&#8221;H\u1ed9i Ch\u1ee3 Food Taipei 2024&#8243;][\/vc_column][vc_column width=&#8221;1\/3&#8243;][vc_single_image image=&#8221;41735&#8243; img_size=&#8221;medium&#8221; alignment=&#8221;center&#8221; style=&#8221;vc_box_outline&#8221; border_color=&#8221;juicy_pink&#8221; onclick=&#8221;link_image&#8221; css_animation=&#8221;fadeInDown&#8221; css=&#8221;&#8221; title=&#8221;H\u1ed9i Ch\u1ee3 EPO 2023 ASIAN&#8221;][\/vc_column][vc_column width=&#8221;1\/3&#8243;][vc_single_image image=&#8221;41741&#8243; img_size=&#8221;medium&#8221; alignment=&#8221;center&#8221; style=&#8221;vc_box_outline&#8221; border_color=&#8221;juicy_pink&#8221; onclick=&#8221;link_image&#8221; css_animation=&#8221;fadeInDown&#8221; css=&#8221;&#8221; title=&#8221;H\u1ed9i Ch\u1ee3 Qu\u1ea3ng Ch\u00e2u 2024&#8243;][\/vc_column][\/vc_row]<\/p>\n<\/div>","protected":false},"excerpt":{"rendered":"<p>[vc_row content_placement=&#8221;middle&#8221; css=&#8221;.vc_custom_1491957864628{padding-top: 35px !important;}&#8221;][vc_column width=&#8221;1\/2&#8243;][vc_single_image image=&#8221;38103&#8243; img_size=&#8221;full&#8221; alignment=&#8221;center&#8221; css_animation=&#8221;fadeInUp&#8221; css=&#8221;.vc_custom_1536678149152{margin-bottom: 0px !important;border-bottom-width: 0px !important;padding-bottom: 0px !important;}&#8221;][\/vc_column][vc_column width=&#8221;1\/2&#8243;][vc_text_separator title=&#8221;V\u1ec1 Ch\u00fang T\u00f4i&#8221; i_icon_fontawesome=&#8221;fas fa-building&#8221; i_color=&#8221;juicy_pink&#8221; color=&#8221;juicy_pink&#8221; border_width=&#8221;4&#8243; css_animation=&#8221;fadeInDown&#8221; css=&#8221;&#8221; add_icon=&#8221;true&#8221;][vc_column_text css_animation=&#8221;fadeInUp&#8221; css=&#8221;.vc_custom_1694423355946{margin-top: -29px !important;}&#8221; el_id=&#8221;about_us_content&#8221;] C\u00f4ng Ty TNHH S\u1ea3n Xu\u1ea5t &#8211; Th\u01b0\u01a1ng M\u1ea1i HUCAFOOD l\u00e0 doanh nghi\u1ec7p \u0111i \u0111\u1ea7u \u0111a l\u0129nh v\u1ef1c ng\u00e0nh ngh\u1ec1 v\u1ec1 c\u00e0 [&hellip;]<\/p>\n","protected":false},"author":1,"featured_media":0,"parent":8,"menu_order":2,"comment_status":"closed","ping_status":"closed","template":"","meta":{"_seopress_robots_primary_cat":"","_seopress_titles_title":"","_seopress_titles_desc":"","_seopress_robots_index":"","cybocfi_hide_featured_image":"","footnotes":""},"class_list":["post-21","page","type-page","status-publish","hentry"],"lang":"vi","translations":{"vi":21,"zh":40035,"en":39294,"ru":39900,"ko":40164,"ja":40279},"_links":{"self":[{"href":"https:\/\/hucafood.com\/vi\/wp-json\/wp\/v2\/pages\/21","targetHints":{"allow":["GET"]}}],"collection":[{"href":"https:\/\/hucafood.com\/vi\/wp-json\/wp\/v2\/pages"}],"about":[{"href":"https:\/\/hucafood.com\/vi\/wp-json\/wp\/v2\/types\/page"}],"author":[{"embeddable":true,"href":"https:\/\/hucafood.com\/vi\/wp-json\/wp\/v2\/users\/1"}],"replies":[{"embeddable":true,"href":"https:\/\/hucafood.com\/vi\/wp-json\/wp\/v2\/comments?post=21"}],"version-history":[{"count":0,"href":"https:\/\/hucafood.com\/vi\/wp-json\/wp\/v2\/pages\/21\/revisions"}],"up":[{"embeddable":true,"href":"https:\/\/hucafood.com\/vi\/wp-json\/wp\/v2\/pages\/8"}],"wp:attachment":[{"href":"https:\/\/hucafood.com\/vi\/wp-json\/wp\/v2\/media?parent=21"}],"curies":[{"name":"wp","href":"https:\/\/api.w.org\/{rel}","templated":true}]}}