{"id":38352,"date":"2019-09-12T16:06:56","date_gmt":"2019-09-12T09:06:56","guid":{"rendered":"http:\/\/hucafood.com\/?page_id=38352"},"modified":"2024-06-29T15:53:18","modified_gmt":"2024-06-29T08:53:18","slug":"gioi-thieu","status":"publish","type":"page","link":"https:\/\/hucafood.com\/vi\/trang-chu\/gioi-thieu\/","title":{"rendered":"Gi\u1edbi thi\u1ec7u (Home)"},"content":{"rendered":"<div class=\"wpb-content-wrapper\"><p>[vc_row][vc_column][vc_column_text css_animation=&#8221;fadeInDown&#8221; css=&#8221;&#8221;]<\/p>\n<p style=\"text-align: center;\"><strong>VIDEO GI\u1edaI THI\u1ec6U NH\u00c0 M\u00c1Y S\u1ea2N XU\u1ea4T CH\u1ebe BI\u1ebeN C\u00c0 PH\u00ca C\u1ee6A HUCAFOOD<\/strong><\/p>\n<p><center><iframe loading=\"lazy\" title=\"OEM\/ODM - black instant coffee, 3in1, 4in1 in Vietnam - HUCAFOOD\" src=\"https:\/\/www.youtube.com\/embed\/m0M93YMX9j8\" width=\"1280\" height=\"720\" frameborder=\"0\" allowfullscreen=\"allowfullscreen\"><\/iframe><\/center>[\/vc_column_text][\/vc_column][\/vc_row][vc_row full_width=&#8221;stretch_row&#8221; content_placement=&#8221;middle&#8221; css_animation=&#8221;none&#8221; el_class=&#8221;gioi_thieu&#8221;][vc_column css_animation=&#8221;fadeInLeft&#8221; width=&#8221;1\/2&#8243;][vc_single_image image=&#8221;38452&#8243; img_size=&#8221;full&#8221; alignment=&#8221;center&#8221;][\/vc_column][vc_column width=&#8221;1\/2&#8243;][vc_text_separator title=&#8221;L\u1edcI GI\u1edaI THI\u1ec6U&#8221; i_icon_fontawesome=&#8221;fas fa-coffee&#8221; i_color=&#8221;juicy_pink&#8221; color=&#8221;juicy_pink&#8221; border_width=&#8221;4&#8243; css_animation=&#8221;fadeInDown&#8221; css=&#8221;&#8221; add_icon=&#8221;true&#8221;][vc_column_text css_animation=&#8221;fadeInDown&#8221; css=&#8221;&#8221;]<\/p>\n<h5 style=\"color: #000; padding: 0 0 10px;\">C\u00f4ng Ty TNHH S\u1ea3n Xu\u1ea5t &#8211; Th\u01b0\u01a1ng M\u1ea1i HUCAFOOD l\u00e0 doanh nghi\u1ec7p \u0111i \u0111\u1ea7u \u0111a l\u0129nh v\u1ef1c ng\u00e0nh ngh\u1ec1 v\u1ec1 c\u00e0 ph\u00ea:<\/h5>\n<ul>\n<li style=\"color: #000; padding: 5px 0;\">Ch\u1ebf t\u1ea1o s\u1ea3n xu\u1ea5t d\u00e2y chuy\u1ec1n m\u00e1y m\u00f3c ch\u1ebf bi\u1ebfn c\u00e0 ph\u00ea.<\/li>\n<li style=\"color: #000; padding: 5px 0;\">Ch\u1ebf bi\u1ebfn c\u00e0 ph\u00ea nh\u00e2n, nguy\u00ean li\u1ec7u ch\u1ebf bi\u1ebfn c\u00e0 ph\u00ea.<\/li>\n<li style=\"color: #000; padding: 5px 0;\">S\u1ea3n xu\u1ea5t c\u00e0 ph\u00ea rang xay nguy\u00ean ch\u1ea5t cao c\u1ea5p, c\u00e0 ph\u00ea h\u00f2a tan, c\u00e0 ph\u00ea Ch\u1ed3n, Cacao nguy\u00ean ch\u1ea5t, tr\u00e0 s\u1eefa Matcha, ng\u0169 c\u1ed1c dinh d\u01b0\u1ee1ng&#8230;<\/li>\n<li><strong>Chuy\u00ean nh\u1eadn <a href=\"https:\/\/giacongcafe.com\/\">gia c\u00f4ng c\u00e0 ph\u00ea theo th\u01b0\u01a1ng hi\u1ec7u ri\u00eang<\/a> OEM\/ODM, ch\u00fang t\u00f4i c\u00f3 c\u00e1c ch\u1ee9ng ch\u1ec9, ch\u1ee9ng nh\u1eadn: ISO 22000, HACCP, HALAL, FDA Certificate, HUCAFOOD CIQ: CVNM29012201170025<\/strong><\/li>\n<\/ul>\n<div id=\"urban-overlay\" style=\"left: -10px; top: -10px; width: 0px; height: 0px;\"><\/div>\n<p>[\/vc_column_text][vc_raw_html]JTNDZGl2JTIwc3R5bGUlM0QlMjJmb250LXNpemUlM0ElMjA1MHB4JTNCJTIyJTNFJTBBJTNDYSUyMGhyZWYlM0QlMjJodHRwcyUzQSUyRiUyRnd3dy5mYWNlYm9vay5jb20lMkZodWNhZm9vZHZpZXRuYW0lMkYlMjIlM0UlMjAlM0NpJTIwY2xhc3MlM0QlMjJmYWIlMjBmYS1mYWNlYm9vayUyMiUyMGZhLTd4JTIyJTNFJTNDJTJGaSUzRSUzQyUyRmElM0UlMjAlM0NhJTIwaHJlZiUzRCUyMmh0dHBzJTNBJTJGJTJGdHdpdHRlci5jb20lMkZiZXN0dmlldG5hbWNhZmUlMjIlM0NpJTIwY2xhc3MlM0QlMjJmYWIlMjBmYS10d2l0dGVyJTIyJTIwZmEtN3glMjIlM0UlM0MlMkZpJTNFJTNDJTJGYSUzRSUyMCUzQ2ElMjBocmVmJTNEJTIyaHR0cHMlM0ElMkYlMkZ3d3cucGludGVyZXN0LmNvbSUyRnNpZXV0aGljYWZlaHVjYWZvb2QlMkYlMjIlM0NpJTIwY2xhc3MlM0QlMjJmYWIlMjBmYS1waW50ZXJlc3QlMjIlMjBmYS03eCUyMiUzRSUzQyUyRmklM0UlM0MlMkZhJTNFJTIwJTNDYSUyMGhyZWYlM0QlMjJodHRwcyUzQSUyRiUyRnd3dy55b3V0dWJlLmNvbSUyRmNoYW5uZWwlMkZVQzFOakJmZ1pWTXpLd2RmdEpMOEFkQ0ElMkYlMjIlM0NpJTIwY2xhc3MlM0QlMjJmYWIlMjBmYS15b3V0dWJlJTIyJTIwZmEtN3glMjIlM0UlM0MlMkZpJTNFJTNDJTJGYSUzRSUwQSUzQyUyRmRpdiUzRQ==[\/vc_raw_html][\/vc_column][\/vc_row]<\/p>\n<\/div>","protected":false},"excerpt":{"rendered":"<p>[vc_row][vc_column][vc_column_text css_animation=&#8221;fadeInDown&#8221; css=&#8221;&#8221;] VIDEO GI\u1edaI THI\u1ec6U NH\u00c0 M\u00c1Y S\u1ea2N XU\u1ea4T CH\u1ebe BI\u1ebeN C\u00c0 PH\u00ca C\u1ee6A HUCAFOOD [\/vc_column_text][\/vc_column][\/vc_row][vc_row full_width=&#8221;stretch_row&#8221; content_placement=&#8221;middle&#8221; css_animation=&#8221;none&#8221; el_class=&#8221;gioi_thieu&#8221;][vc_column css_animation=&#8221;fadeInLeft&#8221; width=&#8221;1\/2&#8243;][vc_single_image image=&#8221;38452&#8243; img_size=&#8221;full&#8221; alignment=&#8221;center&#8221;][\/vc_column][vc_column width=&#8221;1\/2&#8243;][vc_text_separator title=&#8221;L\u1edcI GI\u1edaI THI\u1ec6U&#8221; i_icon_fontawesome=&#8221;fas fa-coffee&#8221; i_color=&#8221;juicy_pink&#8221; color=&#8221;juicy_pink&#8221; border_width=&#8221;4&#8243; css_animation=&#8221;fadeInDown&#8221; css=&#8221;&#8221; add_icon=&#8221;true&#8221;][vc_column_text css_animation=&#8221;fadeInDown&#8221; css=&#8221;&#8221;] C\u00f4ng Ty TNHH S\u1ea3n Xu\u1ea5t &#8211; Th\u01b0\u01a1ng M\u1ea1i HUCAFOOD l\u00e0 doanh nghi\u1ec7p \u0111i \u0111\u1ea7u \u0111a [&hellip;]<\/p>\n","protected":false},"author":1,"featured_media":0,"parent":8,"menu_order":10,"comment_status":"closed","ping_status":"closed","template":"","meta":{"_seopress_robots_primary_cat":"","_seopress_titles_title":"","_seopress_titles_desc":"","_seopress_robots_index":"","cybocfi_hide_featured_image":"","footnotes":""},"class_list":["post-38352","page","type-page","status-publish","hentry"],"lang":"vi","translations":{"vi":38352},"_links":{"self":[{"href":"https:\/\/hucafood.com\/vi\/wp-json\/wp\/v2\/pages\/38352","targetHints":{"allow":["GET"]}}],"collection":[{"href":"https:\/\/hucafood.com\/vi\/wp-json\/wp\/v2\/pages"}],"about":[{"href":"https:\/\/hucafood.com\/vi\/wp-json\/wp\/v2\/types\/page"}],"author":[{"embeddable":true,"href":"https:\/\/hucafood.com\/vi\/wp-json\/wp\/v2\/users\/1"}],"replies":[{"embeddable":true,"href":"https:\/\/hucafood.com\/vi\/wp-json\/wp\/v2\/comments?post=38352"}],"version-history":[{"count":0,"href":"https:\/\/hucafood.com\/vi\/wp-json\/wp\/v2\/pages\/38352\/revisions"}],"up":[{"embeddable":true,"href":"https:\/\/hucafood.com\/vi\/wp-json\/wp\/v2\/pages\/8"}],"wp:attachment":[{"href":"https:\/\/hucafood.com\/vi\/wp-json\/wp\/v2\/media?parent=38352"}],"curies":[{"name":"wp","href":"https:\/\/api.w.org\/{rel}","templated":true}]}}