{"id":40045,"date":"2019-11-01T09:02:43","date_gmt":"2019-11-01T02:02:43","guid":{"rendered":"https:\/\/hucafood.com\/mot-so-san-pham-chu-luc-cua-chung-toi\/"},"modified":"2024-05-11T11:13:21","modified_gmt":"2024-05-11T04:13:21","slug":"mot-so-san-pham-chu-luc-cua-chung-toi","status":"publish","type":"page","link":"https:\/\/hucafood.com\/vi\/mot-so-san-pham-chu-luc-cua-chung-toi\/","title":{"rendered":"M\u1ed9t s\u1ed1 s\u1ea3n ph\u1ea9m ch\u1ee7 l\u1ef1c c\u1ee7a ch\u00fang t\u00f4i"},"content":{"rendered":"<div class=\"wpb-content-wrapper\"><p>[vc_row][vc_column][vc_text_separator title=&#8221;C\u00e0 Ph\u00ea H\u00f2a Tan &#8211; Con Ch\u1ed3n V\u00e0ng C7&#8243; i_icon_fontawesome=&#8221;fas fa-coffee&#8221; i_color=&#8221;custom&#8221; color=&#8221;custom&#8221; border_width=&#8221;4&#8243; css=&#8221;&#8221; add_icon=&#8221;true&#8221; accent_color=&#8221;#dd3333&#8243; i_custom_color=&#8221;#dd3333&#8243;][vc_masonry_media_grid style=&#8221;lazy&#8221; items_per_page=&#8221;5&#8243; css=&#8221;&#8221; initial_loading_animation=&#8221;fadeIn&#8221; grid_id=&#8221;vc_gid:1715396889384-18e12d16-d740-5&#8243; include=&#8221;41127,41653,41490,41459,41647,41477,41623,41471,40873,41465,41496,41484,41641,41635&#8243;][vc_text_separator title=&#8221;C\u00e0 Ph\u00ea Rang Xay &#8211; Con Ch\u1ed3n V\u00e0ng&#8221; i_icon_fontawesome=&#8221;fas fa-coffee&#8221; i_color=&#8221;custom&#8221; color=&#8221;custom&#8221; border_width=&#8221;4&#8243; css=&#8221;&#8221; add_icon=&#8221;true&#8221; accent_color=&#8221;#dd3333&#8243; i_custom_color=&#8221;#dd3333&#8243;][vc_masonry_media_grid style=&#8221;lazy&#8221; items_per_page=&#8221;5&#8243; css=&#8221;&#8221; initial_loading_animation=&#8221;fadeIn&#8221; grid_id=&#8221;vc_gid:1715396889385-44e42aca-e94e-2&#8243; include=&#8221;41532,41526,41508,41520,41514,41538&#8243;][vc_text_separator title=&#8221;C\u00e0 Ph\u00ea T\u00fai L\u1ecdc &#8211; Con Ch\u1ed3n V\u00e0ng&#8221; i_icon_fontawesome=&#8221;fas fa-coffee&#8221; i_color=&#8221;custom&#8221; color=&#8221;custom&#8221; border_width=&#8221;4&#8243; css=&#8221;&#8221; add_icon=&#8221;true&#8221; accent_color=&#8221;#dd3333&#8243; i_custom_color=&#8221;#dd3333&#8243;][vc_masonry_media_grid style=&#8221;lazy&#8221; items_per_page=&#8221;5&#8243; css=&#8221;&#8221; initial_loading_animation=&#8221;fadeIn&#8221; grid_id=&#8221;vc_gid:1715400768754-2bdb218d-17b7-2&#8243; include=&#8221;41026,41025,41024&#8243;][\/vc_column][\/vc_row]<\/p>\n<\/div>","protected":false},"excerpt":{"rendered":"<p>[vc_row][vc_column][vc_text_separator title=&#8221;C\u00e0 Ph\u00ea H\u00f2a Tan &#8211; Con Ch\u1ed3n V\u00e0ng C7&#8243; i_icon_fontawesome=&#8221;fas fa-coffee&#8221; i_color=&#8221;custom&#8221; color=&#8221;custom&#8221; border_width=&#8221;4&#8243; css=&#8221;&#8221; add_icon=&#8221;true&#8221; accent_color=&#8221;#dd3333&#8243; i_custom_color=&#8221;#dd3333&#8243;][vc_masonry_media_grid style=&#8221;lazy&#8221; items_per_page=&#8221;5&#8243; css=&#8221;&#8221; initial_loading_animation=&#8221;fadeIn&#8221; grid_id=&#8221;vc_gid:1715396889384-18e12d16-d740-5&#8243; include=&#8221;41127,41653,41490,41459,41647,41477,41623,41471,40873,41465,41496,41484,41641,41635&#8243;][vc_text_separator title=&#8221;C\u00e0 Ph\u00ea Rang Xay &#8211; Con Ch\u1ed3n V\u00e0ng&#8221; i_icon_fontawesome=&#8221;fas fa-coffee&#8221; i_color=&#8221;custom&#8221; color=&#8221;custom&#8221; border_width=&#8221;4&#8243; css=&#8221;&#8221; add_icon=&#8221;true&#8221; accent_color=&#8221;#dd3333&#8243; i_custom_color=&#8221;#dd3333&#8243;][vc_masonry_media_grid style=&#8221;lazy&#8221; items_per_page=&#8221;5&#8243; css=&#8221;&#8221; initial_loading_animation=&#8221;fadeIn&#8221; grid_id=&#8221;vc_gid:1715396889385-44e42aca-e94e-2&#8243; include=&#8221;41532,41526,41508,41520,41514,41538&#8243;][vc_text_separator title=&#8221;C\u00e0 Ph\u00ea T\u00fai L\u1ecdc &#8211; Con Ch\u1ed3n [&hellip;]<\/p>\n","protected":false},"author":1,"featured_media":0,"parent":0,"menu_order":0,"comment_status":"closed","ping_status":"closed","template":"","meta":{"_seopress_robots_primary_cat":"","_seopress_titles_title":"","_seopress_titles_desc":"","_seopress_robots_index":"","cybocfi_hide_featured_image":"","footnotes":""},"class_list":["post-40045","page","type-page","status-publish","hentry"],"lang":"vi","translations":{"vi":40045,"en":41057},"_links":{"self":[{"href":"https:\/\/hucafood.com\/vi\/wp-json\/wp\/v2\/pages\/40045","targetHints":{"allow":["GET"]}}],"collection":[{"href":"https:\/\/hucafood.com\/vi\/wp-json\/wp\/v2\/pages"}],"about":[{"href":"https:\/\/hucafood.com\/vi\/wp-json\/wp\/v2\/types\/page"}],"author":[{"embeddable":true,"href":"https:\/\/hucafood.com\/vi\/wp-json\/wp\/v2\/users\/1"}],"replies":[{"embeddable":true,"href":"https:\/\/hucafood.com\/vi\/wp-json\/wp\/v2\/comments?post=40045"}],"version-history":[{"count":0,"href":"https:\/\/hucafood.com\/vi\/wp-json\/wp\/v2\/pages\/40045\/revisions"}],"wp:attachment":[{"href":"https:\/\/hucafood.com\/vi\/wp-json\/wp\/v2\/media?parent=40045"}],"curies":[{"name":"wp","href":"https:\/\/api.w.org\/{rel}","templated":true}]}}