{"id":71,"date":"2019-09-12T00:22:30","date_gmt":"2019-09-11T17:22:30","guid":{"rendered":"http:\/\/highgradelab.com\/burgerz\/creative-business\/?page_id=71"},"modified":"2024-06-29T08:25:00","modified_gmt":"2024-06-29T01:25:00","slug":"thuong-hieu","status":"publish","type":"page","link":"https:\/\/hucafood.com\/vi\/trang-chu\/thuong-hieu\/","title":{"rendered":"Th\u01b0\u01a1ng Hi\u1ec7u"},"content":{"rendered":"<div class=\"wpb-content-wrapper\"><p>[vc_row][vc_column][vc_text_separator title=&#8221;S\u1ea2N PH\u1ea8M V\u00c0 TH\u01af\u01a0NG HI\u1ec6U&#8221; i_type=&#8221;linecons&#8221; i_color=&#8221;juicy_pink&#8221; color=&#8221;juicy_pink&#8221; border_width=&#8221;4&#8243; css_animation=&#8221;fadeInDown&#8221; css=&#8221;&#8221; add_icon=&#8221;true&#8221;][\/vc_column][\/vc_row][vc_row full_width=&#8221;stretch_row&#8221; el_id=&#8221;brand-home&#8221;][vc_column width=&#8221;1\/4&#8243;][\/vc_column][vc_column width=&#8221;1\/2&#8243;][vc_separator color=&#8221;black&#8221; style=&#8221;dotted&#8221; el_width=&#8221;50&#8243;][vc_column_text css_animation=&#8221;none&#8221;]<\/p>\n<p style=\"color: #000000; line-height: 20px; text-align: center;\">Tr\u1ea3i qua nhi\u1ec1u n\u0103m nghi\u00ean c\u1ee9u v\u00e0 ph\u00e1t tri\u1ec3n, c\u00f9ng v\u1edbi \u0111\u1ed9i ng\u0169 k\u1ef9 s\u01b0 v\u00e0 c\u00f4ng nh\u00e2n c\u00f3 tr\u00ecnh \u0111\u1ed9 trong nhi\u1ec1u n\u0103m. Huca Food \u0111\u00e3 kh\u00f4ng ng\u1eebng \u0111\u1ed5i m\u1edbi v\u00e0 ph\u00e1t tri\u1ec3n c\u00f4ng ngh\u1ec7 \u0111\u1ec3 mang \u0111\u1ebfn cho ng\u01b0\u1eddi ti\u00eau d\u00f9ng nh\u1eefng s\u1ea3n ph\u1ea9m t\u1ed1t nh\u1ea5t.<\/p>\n<p>[\/vc_column_text][\/vc_column][vc_column width=&#8221;1\/4&#8243;][\/vc_column][\/vc_row][vc_row full_width=&#8221;stretch_row&#8221; equal_height=&#8221;yes&#8221; content_placement=&#8221;middle&#8221; css=&#8221;.vc_custom_1571914318523{margin-bottom: 35px !important;}&#8221;][vc_column css_animation=&#8221;none&#8221; width=&#8221;1\/6&#8243; offset=&#8221;vc_hidden-sm vc_hidden-xs&#8221; css=&#8221;.vc_custom_1536771435517{padding-top: 50px !important;padding-bottom: 50px !important;}&#8221;][\/vc_column][vc_column width=&#8221;2\/3&#8243;][vc_row_inner][vc_column_inner width=&#8221;1\/6&#8243;][vc_single_image image=&#8221;38472&#8243; img_size=&#8221;full&#8221; alignment=&#8221;center&#8221;][\/vc_column_inner][vc_column_inner width=&#8221;1\/6&#8243;][vc_single_image image=&#8221;38473&#8243; img_size=&#8221;full&#8221; alignment=&#8221;center&#8221;][\/vc_column_inner][vc_column_inner width=&#8221;1\/6&#8243;][vc_single_image image=&#8221;38474&#8243; img_size=&#8221;full&#8221; alignment=&#8221;center&#8221;][\/vc_column_inner][vc_column_inner width=&#8221;1\/6&#8243;][vc_single_image image=&#8221;38475&#8243; img_size=&#8221;full&#8221; alignment=&#8221;center&#8221;][\/vc_column_inner][vc_column_inner width=&#8221;1\/6&#8243;][vc_single_image image=&#8221;38476&#8243; img_size=&#8221;full&#8221; alignment=&#8221;center&#8221;][\/vc_column_inner][vc_column_inner width=&#8221;1\/6&#8243;][vc_single_image image=&#8221;38477&#8243; img_size=&#8221;full&#8221; alignment=&#8221;center&#8221;][\/vc_column_inner][\/vc_row_inner][\/vc_column][vc_column width=&#8221;1\/6&#8243;][\/vc_column][\/vc_row]<\/p>\n<\/div>","protected":false},"excerpt":{"rendered":"<p>[vc_row][vc_column][vc_text_separator title=&#8221;S\u1ea2N PH\u1ea8M V\u00c0 TH\u01af\u01a0NG HI\u1ec6U&#8221; i_type=&#8221;linecons&#8221; i_color=&#8221;juicy_pink&#8221; color=&#8221;juicy_pink&#8221; border_width=&#8221;4&#8243; css_animation=&#8221;fadeInDown&#8221; css=&#8221;&#8221; add_icon=&#8221;true&#8221;][\/vc_column][\/vc_row][vc_row full_width=&#8221;stretch_row&#8221; el_id=&#8221;brand-home&#8221;][vc_column width=&#8221;1\/4&#8243;][\/vc_column][vc_column width=&#8221;1\/2&#8243;][vc_separator color=&#8221;black&#8221; style=&#8221;dotted&#8221; el_width=&#8221;50&#8243;][vc_column_text css_animation=&#8221;none&#8221;] Tr\u1ea3i qua nhi\u1ec1u n\u0103m nghi\u00ean c\u1ee9u v\u00e0 ph\u00e1t tri\u1ec3n, c\u00f9ng v\u1edbi \u0111\u1ed9i ng\u0169 k\u1ef9 s\u01b0 v\u00e0 c\u00f4ng nh\u00e2n c\u00f3 tr\u00ecnh \u0111\u1ed9 trong nhi\u1ec1u n\u0103m. Huca Food \u0111\u00e3 kh\u00f4ng ng\u1eebng \u0111\u1ed5i m\u1edbi v\u00e0 ph\u00e1t tri\u1ec3n [&hellip;]<\/p>\n","protected":false},"author":1,"featured_media":0,"parent":8,"menu_order":40,"comment_status":"closed","ping_status":"closed","template":"","meta":{"_seopress_robots_primary_cat":"","_seopress_titles_title":"","_seopress_titles_desc":"","_seopress_robots_index":"","cybocfi_hide_featured_image":"","footnotes":""},"class_list":["post-71","page","type-page","status-publish","hentry"],"lang":"vi","translations":{"vi":71,"en":39308,"ru":39873,"zh":40019,"ko":40138,"ja":40265},"_links":{"self":[{"href":"https:\/\/hucafood.com\/vi\/wp-json\/wp\/v2\/pages\/71","targetHints":{"allow":["GET"]}}],"collection":[{"href":"https:\/\/hucafood.com\/vi\/wp-json\/wp\/v2\/pages"}],"about":[{"href":"https:\/\/hucafood.com\/vi\/wp-json\/wp\/v2\/types\/page"}],"author":[{"embeddable":true,"href":"https:\/\/hucafood.com\/vi\/wp-json\/wp\/v2\/users\/1"}],"replies":[{"embeddable":true,"href":"https:\/\/hucafood.com\/vi\/wp-json\/wp\/v2\/comments?post=71"}],"version-history":[{"count":0,"href":"https:\/\/hucafood.com\/vi\/wp-json\/wp\/v2\/pages\/71\/revisions"}],"up":[{"embeddable":true,"href":"https:\/\/hucafood.com\/vi\/wp-json\/wp\/v2\/pages\/8"}],"wp:attachment":[{"href":"https:\/\/hucafood.com\/vi\/wp-json\/wp\/v2\/media?parent=71"}],"curies":[{"name":"wp","href":"https:\/\/api.w.org\/{rel}","templated":true}]}}