{"id":8,"date":"2019-10-11T22:51:52","date_gmt":"2019-10-11T15:51:52","guid":{"rendered":"http:\/\/highgradelab.com\/burgerz\/creative-business\/?page_id=7"},"modified":"2026-02-10T14:20:25","modified_gmt":"2026-02-10T07:20:25","slug":"trang-chu","status":"publish","type":"page","link":"https:\/\/hucafood.com\/vi\/","title":{"rendered":"HUCAFOOD PRODUCTION \u2013 TRADING Co., Ltd."},"content":{"rendered":"<p><span style=\"color: #ff0000;\"><span style=\"font-weight: 400;\">This is the Parent page for the homepage sections. Don&#8217;t edit this page, instead, go to <\/span><b>Settings &#8211; Reading<\/b><span style=\"font-weight: 400;\"> and set it as <\/span><b>Front Page<\/b><span style=\"font-weight: 400;\">.<\/span><\/span><\/p>\n","protected":false},"excerpt":{"rendered":"<p>This is the Parent page for the homepage sections. Don&#8217;t edit this page, instead, go to Settings &#8211; Reading and set it as Front Page.<\/p>\n","protected":false},"author":1,"featured_media":41343,"parent":0,"menu_order":0,"comment_status":"closed","ping_status":"closed","template":"","meta":{"_seopress_robots_primary_cat":"","_seopress_titles_title":"Chuy\u00ean cung c\u1ea5p c\u00e0 ph\u00ea h\u00f2a tan, rang xay - OEM\/ODM Coffee","_seopress_titles_desc":"HUCAFOOD Cung C\u1ea5p C\u00e0 Ph\u00ea Ch\u1ea5t L\u01b0\u1ee3ng, Gi\u00e1 C\u1ea1nh Tranh. Nh\u1eadn Gia C\u00f4ng C\u00e0 Ph\u00ea (OEM\/ODM) Ho\u00e0 Tan, Rang Xay: ISO 22000:2018, HACCP, HALAL, FDA Certificate.","_seopress_robots_index":"","cybocfi_hide_featured_image":"","footnotes":""},"class_list":["post-8","page","type-page","status-publish","has-post-thumbnail","hentry"],"lang":"vi","translations":{"vi":8,"zh":40810,"en":39278,"ru":39838,"ko":40123,"ja":40250},"_links":{"self":[{"href":"https:\/\/hucafood.com\/vi\/wp-json\/wp\/v2\/pages\/8","targetHints":{"allow":["GET"]}}],"collection":[{"href":"https:\/\/hucafood.com\/vi\/wp-json\/wp\/v2\/pages"}],"about":[{"href":"https:\/\/hucafood.com\/vi\/wp-json\/wp\/v2\/types\/page"}],"author":[{"embeddable":true,"href":"https:\/\/hucafood.com\/vi\/wp-json\/wp\/v2\/users\/1"}],"replies":[{"embeddable":true,"href":"https:\/\/hucafood.com\/vi\/wp-json\/wp\/v2\/comments?post=8"}],"version-history":[{"count":0,"href":"https:\/\/hucafood.com\/vi\/wp-json\/wp\/v2\/pages\/8\/revisions"}],"wp:featuredmedia":[{"embeddable":true,"href":"https:\/\/hucafood.com\/vi\/wp-json\/wp\/v2\/media\/41343"}],"wp:attachment":[{"href":"https:\/\/hucafood.com\/vi\/wp-json\/wp\/v2\/media?parent=8"}],"curies":[{"name":"wp","href":"https:\/\/api.w.org\/{rel}","templated":true}]}}